{"id":4216,"date":"2023-12-20T23:43:48","date_gmt":"2023-12-20T23:43:48","guid":{"rendered":"https:\/\/etikettenbeckershop.de\/?product=sliwa-wegierka-zwyk%c5%82a-68-x-120-mm-pl"},"modified":"2024-03-07T22:32:27","modified_gmt":"2024-03-07T22:32:27","slug":"sliwa-wegierka-zwyk%c5%82a-68-x-120-mm-pl","status":"publish","type":"product","link":"https:\/\/etikettenbeckershop.de\/en\/produkt\/sliwa-wegierka-zwyk%c5%82a-68-x-120-mm-pl\/","title":{"rendered":"\u015aliwa &#8216;W\u0119gierka Zwyk\u0142a&#8217;, 68 x 120 mm PL"},"content":{"rendered":"<p>Polnische Version<\/p>\n","protected":false},"excerpt":{"rendered":"<p>Polnische Version<\/p>\n","protected":false},"featured_media":4217,"comment_status":"open","ping_status":"closed","template":"","meta":{"_acf_changed":false,"_kad_blocks_custom_css":"","_kad_blocks_head_custom_js":"","_kad_blocks_body_custom_js":"","_kad_blocks_footer_custom_js":"","footnotes":""},"product_brand":[191],"product_cat":[369,367,368,366],"product_tag":[],"class_list":{"0":"post-4216","1":"product","2":"type-product","3":"status-publish","4":"has-post-thumbnail","6":"product_brand-etiketten-becker","7":"product_cat-68-x-120","8":"product_cat-bild-etiketten","9":"product_cat-haengeetiketten-bedruckt","10":"product_cat-etiketten","12":"first","13":"instock","14":"taxable","15":"shipping-taxable","16":"purchasable","17":"product-type-simple"},"acf":[],"taxonomy_info":{"product_brand":[{"value":191,"label":"Etiketten-Becker"}],"product_cat":[{"value":369,"label":"68 x 120 mm"},{"value":367,"label":"Bildetiketten"},{"value":368,"label":"H\u00e4ngeetiketten bedruckt"},{"value":366,"label":"Pflanzenetiketten"}]},"featured_image_src_large":["https:\/\/etikettenbeckershop.de\/wp-content\/uploads\/2023\/12\/PL20140700VS.jpg",431,733,false],"author_info":[],"comment_info":0,"_links":{"self":[{"href":"https:\/\/etikettenbeckershop.de\/en\/wp-json\/wp\/v2\/product\/4216","targetHints":{"allow":["GET"]}}],"collection":[{"href":"https:\/\/etikettenbeckershop.de\/en\/wp-json\/wp\/v2\/product"}],"about":[{"href":"https:\/\/etikettenbeckershop.de\/en\/wp-json\/wp\/v2\/types\/product"}],"replies":[{"embeddable":true,"href":"https:\/\/etikettenbeckershop.de\/en\/wp-json\/wp\/v2\/comments?post=4216"}],"version-history":[{"count":0,"href":"https:\/\/etikettenbeckershop.de\/en\/wp-json\/wp\/v2\/product\/4216\/revisions"}],"wp:featuredmedia":[{"embeddable":true,"href":"https:\/\/etikettenbeckershop.de\/en\/wp-json\/wp\/v2\/media\/4217"}],"wp:attachment":[{"href":"https:\/\/etikettenbeckershop.de\/en\/wp-json\/wp\/v2\/media?parent=4216"}],"wp:term":[{"taxonomy":"product_brand","embeddable":true,"href":"https:\/\/etikettenbeckershop.de\/en\/wp-json\/wp\/v2\/product_brand?post=4216"},{"taxonomy":"product_cat","embeddable":true,"href":"https:\/\/etikettenbeckershop.de\/en\/wp-json\/wp\/v2\/product_cat?post=4216"},{"taxonomy":"product_tag","embeddable":true,"href":"https:\/\/etikettenbeckershop.de\/en\/wp-json\/wp\/v2\/product_tag?post=4216"}],"curies":[{"name":"wp","href":"https:\/\/api.w.org\/{rel}","templated":true}]}}